{"id":2755,"date":"2025-06-05T08:55:35","date_gmt":"2025-06-05T06:55:35","guid":{"rendered":"https:\/\/www.studiocastellano.com\/?page_id=2755"},"modified":"2025-06-05T08:56:09","modified_gmt":"2025-06-05T06:56:09","slug":"revisione-aziendale","status":"publish","type":"page","link":"https:\/\/www.studiocastellano.com\/index.php\/revisione-aziendale\/","title":{"rendered":"Revisione Aziendale"},"content":{"rendered":"\t\t<div data-elementor-type=\"wp-page\" data-elementor-id=\"2755\" class=\"elementor elementor-2755\">\n\t\t\t\t\t\t<section class=\"elementor-section elementor-top-section elementor-element elementor-element-88b286d elementor-section-boxed elementor-section-height-default elementor-section-height-default\" data-id=\"88b286d\" data-element_type=\"section\">\n\t\t\t\t\t\t<div class=\"elementor-container elementor-column-gap-no\">\n\t\t\t\t\t<div class=\"elementor-column elementor-col-100 elementor-top-column elementor-element elementor-element-9842a91\" data-id=\"9842a91\" data-element_type=\"column\">\n\t\t\t<div class=\"elementor-widget-wrap elementor-element-populated\">\n\t\t\t\t\t\t<div class=\"elementor-element elementor-element-0348b97 elementor-widget elementor-widget-text-editor\" data-id=\"0348b97\" data-element_type=\"widget\" data-widget_type=\"text-editor.default\">\n\t\t\t\t<div class=\"elementor-widget-container\">\n\t\t\t\t\t\t\t\t\t<p><img fetchpriority=\"high\" decoding=\"async\" class=\"size-medium wp-image-2633 alignleft\" src=\"https:\/\/www.studiocastellano.com\/wp-content\/uploads\/2025\/06\/revisione-aziendale-300x169.jpg\" alt=\"\" width=\"300\" height=\"169\" srcset=\"https:\/\/www.studiocastellano.com\/wp-content\/uploads\/2025\/06\/revisione-aziendale-300x169.jpg 300w, https:\/\/www.studiocastellano.com\/wp-content\/uploads\/2025\/06\/revisione-aziendale-350x197.jpg 350w, https:\/\/www.studiocastellano.com\/wp-content\/uploads\/2025\/06\/revisione-aziendale-540x304.jpg 540w, https:\/\/www.studiocastellano.com\/wp-content\/uploads\/2025\/06\/revisione-aziendale-710x400.jpg 710w, https:\/\/www.studiocastellano.com\/wp-content\/uploads\/2025\/06\/revisione-aziendale.jpg 728w\" sizes=\"(max-width: 300px) 100vw, 300px\" \/>Per revisione aziendale si intende il controllo sulla corretta rilevazione dei fatti esterni di gestione nelle scritture contabili di societ\u00e0 di capitali e della corrispondenza del bilancio a quest\u2019ultime.<\/p><p>La verifica della corretta tenuta della contabilit\u00e0 generale non ha una scopo di controllo ex-post ma, al contrario, ha l\u2019obiettivo di supportare gli addetti alla contabilit\u00e0 al fine di evitare errori di registrazione delle fatture attive e passive, degli assestamenti e della redazione del bilancio.<\/p><p>Lo Studio Castellano offre alle societ\u00e0 clienti, che tengono la contabilit\u00e0 generale internamente, la possibilit\u00e0 di un controllo periodico della correttezza delle scritture contabili effettuato da un nostro professionista direttamente in sede.<\/p>\t\t\t\t\t\t\t\t<\/div>\n\t\t\t\t<\/div>\n\t\t\t\t\t<\/div>\n\t\t<\/div>\n\t\t\t\t\t<\/div>\n\t\t<\/section>\n\t\t\t\t<\/div>\n\t\t","protected":false},"excerpt":{"rendered":"<p>Per revisione aziendale si intende il controllo sulla corretta rilevazione dei fatti esterni di gestione nelle scritture contabili di societ\u00e0 di capitali e della corrispondenza del bilancio a quest\u2019ultime. La verifica della corretta tenuta della contabilit\u00e0 generale non ha una scopo di controllo ex-post ma, al contrario, ha l\u2019obiettivo di supportare gli addetti alla contabilit\u00e0 [&hellip;]<\/p>\n","protected":false},"author":1,"featured_media":2633,"parent":0,"menu_order":0,"comment_status":"closed","ping_status":"closed","template":"page-templates\/pages-image.php","meta":{"footnotes":""},"class_list":["post-2755","page","type-page","status-publish","has-post-thumbnail","hentry"],"_links":{"self":[{"href":"https:\/\/www.studiocastellano.com\/index.php\/wp-json\/wp\/v2\/pages\/2755","targetHints":{"allow":["GET"]}}],"collection":[{"href":"https:\/\/www.studiocastellano.com\/index.php\/wp-json\/wp\/v2\/pages"}],"about":[{"href":"https:\/\/www.studiocastellano.com\/index.php\/wp-json\/wp\/v2\/types\/page"}],"author":[{"embeddable":true,"href":"https:\/\/www.studiocastellano.com\/index.php\/wp-json\/wp\/v2\/users\/1"}],"replies":[{"embeddable":true,"href":"https:\/\/www.studiocastellano.com\/index.php\/wp-json\/wp\/v2\/comments?post=2755"}],"version-history":[{"count":3,"href":"https:\/\/www.studiocastellano.com\/index.php\/wp-json\/wp\/v2\/pages\/2755\/revisions"}],"predecessor-version":[{"id":2758,"href":"https:\/\/www.studiocastellano.com\/index.php\/wp-json\/wp\/v2\/pages\/2755\/revisions\/2758"}],"wp:featuredmedia":[{"embeddable":true,"href":"https:\/\/www.studiocastellano.com\/index.php\/wp-json\/wp\/v2\/media\/2633"}],"wp:attachment":[{"href":"https:\/\/www.studiocastellano.com\/index.php\/wp-json\/wp\/v2\/media?parent=2755"}],"curies":[{"name":"wp","href":"https:\/\/api.w.org\/{rel}","templated":true}]}}